{"id":947,"date":"2018-07-20T10:44:09","date_gmt":"2018-07-20T10:44:09","guid":{"rendered":"https:\/\/r4qautomotive.es\/privacy-policy\/"},"modified":"2022-05-23T05:22:31","modified_gmt":"2022-05-23T05:22:31","slug":"privacy-policy","status":"publish","type":"page","link":"https:\/\/r4qautomotive.es\/en\/privacy-policy\/","title":{"rendered":"Privacy policy"},"content":{"rendered":"<p><strong><u>PRIVACY POLICY<\/u><\/strong><\/p>\n<ol>\n<li><strong>1. FOR WHAT PURPOSE WILL RESIDENT 4Q AUTOMOTIVE PROCESS THE USER&#8217;S PERSONAL DATA AND FOR HOW LONG?<\/strong><\/li>\n<\/ol>\n<p>The personal data provided through the Website will be processed by RESIDENT 4Q AUTOMOTIVE in accordance with the following purpose: To manage, process and respond to requests or queries from the User, when he\/she provides his\/her data through the &#8220;Contact&#8221; form. The User&#8217;s data will be kept for this purpose until he\/she opposes or revokes his\/her consent.<\/p>\n<ol start=\"2\">\n<li><strong>2. WHAT USER DATA WILL RESIDENT 4Q AUTOMOTIVE PROCESS? <\/strong><\/li>\n<\/ol>\n<p><strong>RESIDENT 4Q AUTOMOTIVE <\/strong>will process the following categories of User data: identification data and contact data.<\/p>\n<ol start=\"3\">\n<li><strong>3. WHAT IS THE LEGITIMACY OF THE PROCESSING OF THE USER&#8217;S DATA?<\/strong><\/li>\n<\/ol>\n<p>The processing of the User&#8217;s data by <strong>RESIDENT 4Q AUTOMOTIVE<\/strong> is based on the consent requested and which can be withdrawn at any time. However, in the event of withdrawal of consent, this does not affect the lawfulness of the processing previously carried out.<\/p>\n<p>The consents obtained for the aforementioned purposes are independent and the User may revoke only one of them without affecting the others.<\/p>\n<ol start=\"4\">\n<li><strong>4. TO WHICH RECIPIENTS WILL THE USER&#8217;S DATA BE COMMUNICATED? <\/strong><\/li>\n<\/ol>\n<p>The data will not be communicated to third parties except in cases where there is a legal obligation or it is necessary to fulfill the purpose of the treatment.<\/p>\n<p>&nbsp;<\/p>\n<ol start=\"5\">\n<li><strong>5. RESPONSIBILITY OF THE USER.<\/strong><\/li>\n<\/ol>\n<p>The user:<\/p>\n<ul>\n<li>Guarantees that the data provided to <strong>RESIDENT 4Q AUTOMOTIVE<\/strong> are true, accurate, complete and up to date. For these purposes, the User is responsible for the veracity of all the data he\/she communicates and shall keep the information provided conveniently updated, in such a way that it corresponds to his\/her real situation.<\/li>\n<li>The User shall be liable for any false or inaccurate information provided through the Website and for any damages, direct or indirect, that this may cause to <strong>RESIDENT 4Q AUTOMOTIVE<\/strong> or to third parties.<\/li>\n<\/ul>\n<p>&nbsp;<\/p>\n<ol start=\"6\">\n<li><strong>6. EXERCISE OF RIGHTS.<\/strong><\/li>\n<\/ol>\n<p>he User may send a letter to <strong>RESIDENT 4Q AUTOMOTIVE <\/strong>the Reference &#8220;Data Protection&#8221; to the e-mail address <u>r4qautomotive@r4qautomotive.es<\/u> attaching a photocopy of his identity document, at any time and free of charge, to:<\/p>\n<ul>\n<li><strong>Revoke consents.<\/strong><\/li>\n<li><strong>Access<\/strong>. You may request access to the personal information we hold about you.<\/li>\n<li><strong>Rectification. <\/strong>You may request that we correct, amend or delete any incomplete, outdated or inaccurate information.<\/li>\n<li><strong>Deletion. <\/strong>You may request deletion of your personal information when, among other reasons, the data is no longer needed for the purposes for which it was collected.<\/li>\n<li>You may also <strong>object<\/strong> to the processing of your personal information based on legitimate interest.<\/li>\n<li><strong>Limitation of processing.<\/strong>. Obtain from <strong>RESIDENT 4Q AUTOMOTIVE <\/strong>the limitation of data processing when any of the conditions provided for in the data protection regulations are met.<\/li>\n<li><strong>Data portability. <\/strong>. You have the right to receive your data so that it can be transferred to another data controller.<\/li>\n<li>You also have <strong>the right<\/strong> to file a claim before the Spanish Data Protection Agency (http:\/\/www.agpd.es), when the interested party considers that <strong>RESIDENT 4Q AUTOMOTIVE<\/strong> has violated the rights that are recognized by the applicable data protection regulations.<\/li>\n<\/ul>\n<p>&nbsp;<\/p>\n<ol start=\"7\">\n<li><strong>7. SECURITY MEASURES.<\/strong><\/li>\n<\/ol>\n<p><strong>RESIDENT 4Q AUTOMOTIVE <\/strong>will treat the User&#8217;s data at all times in an absolutely confidential manner and will keep the mandatory duty of secrecy with respect to the same, in accordance with the provisions of the applicable regulations, adopting for this purpose the necessary technical and organizational measures to guarantee the security of your data and avoid its alteration, loss, treatment or unauthorized access, taking into account the state of the technology, the nature of the data stored and the risks to which they are exposed.<\/p>\n","protected":false},"excerpt":{"rendered":"<p>PRIVACY POLICY 1. FOR WHAT PURPOSE WILL RESIDENT 4Q AUTOMOTIVE PROCESS THE USER&#8217;S PERSONAL DATA AND FOR HOW LONG? The personal data provided through the Website will be processed by &#8230;<\/p>\n","protected":false},"author":1,"featured_media":0,"parent":0,"menu_order":0,"comment_status":"closed","ping_status":"closed","template":"","meta":{"jetpack_post_was_ever_published":false,"footnotes":""},"class_list":["post-947","page","type-page","status-publish","hentry"],"jetpack_sharing_enabled":true,"jetpack_shortlink":"https:\/\/wp.me\/Pag82K-fh","jetpack-related-posts":[{"id":569,"url":"https:\/\/r4qautomotive.es\/politica-de-privacidad\/","url_meta":{"origin":947,"position":0},"title":"Pol\u00edtica de privacidad","author":"resident4qautomotive","date":"July 20, 2018","format":false,"excerpt":"POL\u00cdTICA DE PRIVACIDAD \u00bfCON QU\u00c9 FINALIDAD TRATAR\u00c1 RESIDENT 4Q AUTOMOTIVE LOS DATOS PERSONALES DEL USUARIO Y DURANTE CU\u00c1NTO TIEMPO? Los datos personales facilitados a trav\u00e9s del Sitio Web ser\u00e1n tratados por RESIDENT 4Q AUTOMOTIVE \u00a0conforme a la siguiente finalidad: Gestionar, tramitar y dar respuesta a peticiones o consultas del Usuario,\u2026","rel":"","context":"Similar post","block_context":{"text":"Similar post","link":""},"img":{"alt_text":"","src":"","width":0,"height":0},"classes":[]},{"id":962,"url":"https:\/\/r4qautomotive.es\/en\/politica-de-cookies\/","url_meta":{"origin":947,"position":1},"title":"Pol\u00edtica de cookies","author":"resident4qautomotive","date":"July 20, 2018","format":false,"excerpt":"1. Use of cookies The website www.r4qautomotive.es ownership of RESIDENT 4Q AUTOMOTIVE SL uses cookies. Cookies are files that are downloaded to your computer when you access certain web pages. Cookies allow a web page, among other things, to store and retrieve information about the browsing habits of a user\u2026","rel":"","context":"Similar post","block_context":{"text":"Similar post","link":""},"img":{"alt_text":"","src":"","width":0,"height":0},"classes":[]},{"id":905,"url":"https:\/\/r4qautomotive.es\/en\/about-us\/","url_meta":{"origin":947,"position":2},"title":"About us","author":"resident4qautomotive","date":"July 5, 2018","format":false,"excerpt":"\u00a0 \u00a0 We are a company created from the experience in the automotive sector by two professionals who have been working as resident engineers for more than 15 years. The service offered by R4Q is based on efficiency and proactivity to offer technical support throughout the assembly process of your\u2026","rel":"","context":"Similar post","block_context":{"text":"Similar post","link":""},"img":{"alt_text":"","src":"https:\/\/i0.wp.com\/r4qautomotive.es\/wp-content\/uploads\/2018\/07\/automotive-car.jpg?resize=350%2C200&ssl=1","width":350,"height":200,"srcset":"https:\/\/i0.wp.com\/r4qautomotive.es\/wp-content\/uploads\/2018\/07\/automotive-car.jpg?resize=350%2C200&ssl=1 1x, https:\/\/i0.wp.com\/r4qautomotive.es\/wp-content\/uploads\/2018\/07\/automotive-car.jpg?resize=525%2C300&ssl=1 1.5x, https:\/\/i0.wp.com\/r4qautomotive.es\/wp-content\/uploads\/2018\/07\/automotive-car.jpg?resize=700%2C400&ssl=1 2x, https:\/\/i0.wp.com\/r4qautomotive.es\/wp-content\/uploads\/2018\/07\/automotive-car.jpg?resize=1050%2C600&ssl=1 3x, https:\/\/i0.wp.com\/r4qautomotive.es\/wp-content\/uploads\/2018\/07\/automotive-car.jpg?resize=1400%2C800&ssl=1 4x"},"classes":[]},{"id":950,"url":"https:\/\/r4qautomotive.es\/en\/legal-notice\/","url_meta":{"origin":947,"position":3},"title":"Legal Notice","author":"resident4qautomotive","date":"March 16, 2020","format":false,"excerpt":"LEGAL NOTICE In accordance with Law 34\/2002, of Services of the Information Society and Electronic Commerce, we inform you that this website is owned by: \u00a0 Company name: RESIDENT 4Q AUTOMOTIVE SL (hereinafter referred to as ''THE OWNER''.) NIF: B66905951, Address at: Pla\u00e7a Sardana N\u00ba6; Phone: 666026527. Mail: r4qautomotive@r4qautomotive.es \u00a0\u2026","rel":"","context":"Similar post","block_context":{"text":"Similar post","link":""},"img":{"alt_text":"","src":"","width":0,"height":0},"classes":[]},{"id":910,"url":"https:\/\/r4qautomotive.es\/en\/services\/","url_meta":{"origin":947,"position":4},"title":"Services","author":"resident4qautomotive","date":"July 5, 2018","format":false,"excerpt":"We monitor the quality of your product through routine tasks, preventing potential incidents. Immediate action before complaints and logistical issues andquality. Coordination of actions of containment in the manufacturerand follow up the corrective actions. Delivery of real-time information about complaints and incidents. Measurement of parts in the calibers ofmanufacturer and\u2026","rel":"","context":"Similar post","block_context":{"text":"Similar post","link":""},"img":{"alt_text":"","src":"https:\/\/i0.wp.com\/r4qautomotive.es\/wp-content\/uploads\/2018\/07\/faro-delantero-automotive.jpg?resize=350%2C200&ssl=1","width":350,"height":200,"srcset":"https:\/\/i0.wp.com\/r4qautomotive.es\/wp-content\/uploads\/2018\/07\/faro-delantero-automotive.jpg?resize=350%2C200&ssl=1 1x, https:\/\/i0.wp.com\/r4qautomotive.es\/wp-content\/uploads\/2018\/07\/faro-delantero-automotive.jpg?resize=525%2C300&ssl=1 1.5x, https:\/\/i0.wp.com\/r4qautomotive.es\/wp-content\/uploads\/2018\/07\/faro-delantero-automotive.jpg?resize=700%2C400&ssl=1 2x, https:\/\/i0.wp.com\/r4qautomotive.es\/wp-content\/uploads\/2018\/07\/faro-delantero-automotive.jpg?resize=1050%2C600&ssl=1 3x"},"classes":[]},{"id":566,"url":"https:\/\/r4qautomotive.es\/politica-de-cookies\/","url_meta":{"origin":947,"position":5},"title":"Pol\u00edtica de cookies","author":"resident4qautomotive","date":"July 20, 2018","format":false,"excerpt":"1. Uso de cookies La p\u00e1gina web www.r4qautomotive.es titularidad de RESIDENT 4Q AUTOMOTIVE SL utiliza cookies. Las cookies son ficheros que se descargan en su ordenador al acceder a determinadas p\u00e1ginas web. Las cookies permiten a una p\u00e1gina web, entre otras cosas, almacenar y recuperar informaci\u00f3n sobre los h\u00e1bitos de\u2026","rel":"","context":"Similar post","block_context":{"text":"Similar post","link":""},"img":{"alt_text":"","src":"","width":0,"height":0},"classes":[]}],"_links":{"self":[{"href":"https:\/\/r4qautomotive.es\/en\/wp-json\/wp\/v2\/pages\/947","targetHints":{"allow":["GET"]}}],"collection":[{"href":"https:\/\/r4qautomotive.es\/en\/wp-json\/wp\/v2\/pages"}],"about":[{"href":"https:\/\/r4qautomotive.es\/en\/wp-json\/wp\/v2\/types\/page"}],"author":[{"embeddable":true,"href":"https:\/\/r4qautomotive.es\/en\/wp-json\/wp\/v2\/users\/1"}],"replies":[{"embeddable":true,"href":"https:\/\/r4qautomotive.es\/en\/wp-json\/wp\/v2\/comments?post=947"}],"version-history":[{"count":1,"href":"https:\/\/r4qautomotive.es\/en\/wp-json\/wp\/v2\/pages\/947\/revisions"}],"predecessor-version":[{"id":949,"href":"https:\/\/r4qautomotive.es\/en\/wp-json\/wp\/v2\/pages\/947\/revisions\/949"}],"wp:attachment":[{"href":"https:\/\/r4qautomotive.es\/en\/wp-json\/wp\/v2\/media?parent=947"}],"curies":[{"name":"wp","href":"https:\/\/api.w.org\/{rel}","templated":true}]}}