{"id":905,"date":"2018-07-05T15:48:30","date_gmt":"2018-07-05T15:48:30","guid":{"rendered":"https:\/\/r4qautomotive.es\/about-us\/"},"modified":"2023-03-22T15:21:38","modified_gmt":"2023-03-22T15:21:38","slug":"about-us","status":"publish","type":"page","link":"https:\/\/r4qautomotive.es\/en\/about-us\/","title":{"rendered":"About us"},"content":{"rendered":"<p>&nbsp;<\/p>\n<p>&nbsp;<\/p>\n<p>We are a company created from the experience in the automotive sector by two professionals who have been working as resident engineers for more than 15 years. The service offered by <strong>R4Q<\/strong> is based on efficiency and proactivity to offer technical support throughout the assembly process of your product to the end customer.<\/p>\n<p><strong>R4Q<\/strong> is the right link to solve any incident with your client, providing all the information requested in real time, both for quality and logistics issues.<\/p>\n<p>Our work team accumulates extensive experience in the automotive sector, in this way we are able to provide confidence to our clients.<\/p>\n<p>We are aware of the importance of a resident and for this reason <strong>R4Q<\/strong> has specialized in this service, in this way we will always be one step ahead of our competition.<\/p>\n<p><strong>&#8220;We are the eyes on your customer&#8221;<\/strong><\/p>\n","protected":false},"excerpt":{"rendered":"<p>&nbsp; &nbsp; We are a company created from the experience in the automotive sector by two professionals who have been working as resident engineers for more than 15 years. The &#8230;<\/p>\n","protected":false},"author":1,"featured_media":867,"parent":0,"menu_order":0,"comment_status":"closed","ping_status":"closed","template":"","meta":{"jetpack_post_was_ever_published":false,"footnotes":""},"class_list":["post-905","page","type-page","status-publish","has-post-thumbnail","hentry"],"jetpack_sharing_enabled":true,"jetpack_shortlink":"https:\/\/wp.me\/Pag82K-eB","jetpack-related-posts":[{"id":962,"url":"https:\/\/r4qautomotive.es\/en\/politica-de-cookies\/","url_meta":{"origin":905,"position":0},"title":"Pol\u00edtica de cookies","author":"resident4qautomotive","date":"July 20, 2018","format":false,"excerpt":"1. Use of cookies The website www.r4qautomotive.es ownership of RESIDENT 4Q AUTOMOTIVE SL uses cookies. Cookies are files that are downloaded to your computer when you access certain web pages. Cookies allow a web page, among other things, to store and retrieve information about the browsing habits of a user\u2026","rel":"","context":"Similar post","block_context":{"text":"Similar post","link":""},"img":{"alt_text":"","src":"","width":0,"height":0},"classes":[]},{"id":947,"url":"https:\/\/r4qautomotive.es\/en\/privacy-policy\/","url_meta":{"origin":905,"position":1},"title":"Privacy policy","author":"resident4qautomotive","date":"July 20, 2018","format":false,"excerpt":"PRIVACY POLICY 1. FOR WHAT PURPOSE WILL RESIDENT 4Q AUTOMOTIVE PROCESS THE USER'S PERSONAL DATA AND FOR HOW LONG? The personal data provided through the Website will be processed by RESIDENT 4Q AUTOMOTIVE in accordance with the following purpose: To manage, process and respond to requests or queries from the\u2026","rel":"","context":"Similar post","block_context":{"text":"Similar post","link":""},"img":{"alt_text":"","src":"","width":0,"height":0},"classes":[]},{"id":950,"url":"https:\/\/r4qautomotive.es\/en\/legal-notice\/","url_meta":{"origin":905,"position":2},"title":"Legal Notice","author":"resident4qautomotive","date":"March 16, 2020","format":false,"excerpt":"LEGAL NOTICE In accordance with Law 34\/2002, of Services of the Information Society and Electronic Commerce, we inform you that this website is owned by: \u00a0 Company name: RESIDENT 4Q AUTOMOTIVE SL (hereinafter referred to as ''THE OWNER''.) NIF: B66905951, Address at: Pla\u00e7a Sardana N\u00ba6; Phone: 666026527. Mail: r4qautomotive@r4qautomotive.es \u00a0\u2026","rel":"","context":"Similar post","block_context":{"text":"Similar post","link":""},"img":{"alt_text":"","src":"","width":0,"height":0},"classes":[]},{"id":910,"url":"https:\/\/r4qautomotive.es\/en\/services\/","url_meta":{"origin":905,"position":3},"title":"Services","author":"resident4qautomotive","date":"July 5, 2018","format":false,"excerpt":"We monitor the quality of your product through routine tasks, preventing potential incidents. Immediate action before complaints and logistical issues andquality. Coordination of actions of containment in the manufacturerand follow up the corrective actions. Delivery of real-time information about complaints and incidents. Measurement of parts in the calibers ofmanufacturer and\u2026","rel":"","context":"Similar post","block_context":{"text":"Similar post","link":""},"img":{"alt_text":"","src":"https:\/\/i0.wp.com\/r4qautomotive.es\/wp-content\/uploads\/2018\/07\/faro-delantero-automotive.jpg?resize=350%2C200&ssl=1","width":350,"height":200,"srcset":"https:\/\/i0.wp.com\/r4qautomotive.es\/wp-content\/uploads\/2018\/07\/faro-delantero-automotive.jpg?resize=350%2C200&ssl=1 1x, https:\/\/i0.wp.com\/r4qautomotive.es\/wp-content\/uploads\/2018\/07\/faro-delantero-automotive.jpg?resize=525%2C300&ssl=1 1.5x, https:\/\/i0.wp.com\/r4qautomotive.es\/wp-content\/uploads\/2018\/07\/faro-delantero-automotive.jpg?resize=700%2C400&ssl=1 2x, https:\/\/i0.wp.com\/r4qautomotive.es\/wp-content\/uploads\/2018\/07\/faro-delantero-automotive.jpg?resize=1050%2C600&ssl=1 3x"},"classes":[]},{"id":317,"url":"https:\/\/r4qautomotive.es\/sobre-nosotros\/","url_meta":{"origin":905,"position":4},"title":"Sobre nosotros","author":"resident4qautomotive","date":"July 5, 2018","format":false,"excerpt":"\u00a0 \u00a0 Somos una empresa creada a partir de la experiencia en el sector de la automoci\u00f3n por dos profesionales que llevan m\u00e1s de 15 a\u00f1os trabajando como ingenieros residentes. El servicio que ofrece R4Q se basa en la eficacia y pro actividad para ofrecer apoyo t\u00e9cnico a lo largo\u2026","rel":"","context":"Similar post","block_context":{"text":"Similar post","link":""},"img":{"alt_text":"Sobre nosotros - R4Q Automotive","src":"https:\/\/i0.wp.com\/r4qautomotive.es\/wp-content\/uploads\/2018\/07\/automotive-car.jpg?resize=350%2C200&ssl=1","width":350,"height":200,"srcset":"https:\/\/i0.wp.com\/r4qautomotive.es\/wp-content\/uploads\/2018\/07\/automotive-car.jpg?resize=350%2C200&ssl=1 1x, https:\/\/i0.wp.com\/r4qautomotive.es\/wp-content\/uploads\/2018\/07\/automotive-car.jpg?resize=525%2C300&ssl=1 1.5x, https:\/\/i0.wp.com\/r4qautomotive.es\/wp-content\/uploads\/2018\/07\/automotive-car.jpg?resize=700%2C400&ssl=1 2x, https:\/\/i0.wp.com\/r4qautomotive.es\/wp-content\/uploads\/2018\/07\/automotive-car.jpg?resize=1050%2C600&ssl=1 3x, https:\/\/i0.wp.com\/r4qautomotive.es\/wp-content\/uploads\/2018\/07\/automotive-car.jpg?resize=1400%2C800&ssl=1 4x"},"classes":[]},{"id":943,"url":"https:\/\/r4qautomotive.es\/en\/references\/","url_meta":{"origin":905,"position":5},"title":"References","author":"resident4qautomotive","date":"July 5, 2018","format":false,"excerpt":"Our customers We work with the main suppliers within the AutoMotion sector, we support them throughout the project from start to finish, providing solutions for both parties, manufacturers and suppliers. The know-how of the R4Q team and the experience is what differentiates us from the competition, our customers are our\u2026","rel":"","context":"Similar post","block_context":{"text":"Similar post","link":""},"img":{"alt_text":"","src":"https:\/\/i0.wp.com\/r4qautomotive.es\/wp-content\/uploads\/2018\/07\/gesti%C3%B3n-calidad-fabricas.jpg?resize=350%2C200&ssl=1","width":350,"height":200,"srcset":"https:\/\/i0.wp.com\/r4qautomotive.es\/wp-content\/uploads\/2018\/07\/gesti%C3%B3n-calidad-fabricas.jpg?resize=350%2C200&ssl=1 1x, https:\/\/i0.wp.com\/r4qautomotive.es\/wp-content\/uploads\/2018\/07\/gesti%C3%B3n-calidad-fabricas.jpg?resize=525%2C300&ssl=1 1.5x, https:\/\/i0.wp.com\/r4qautomotive.es\/wp-content\/uploads\/2018\/07\/gesti%C3%B3n-calidad-fabricas.jpg?resize=700%2C400&ssl=1 2x, https:\/\/i0.wp.com\/r4qautomotive.es\/wp-content\/uploads\/2018\/07\/gesti%C3%B3n-calidad-fabricas.jpg?resize=1050%2C600&ssl=1 3x, https:\/\/i0.wp.com\/r4qautomotive.es\/wp-content\/uploads\/2018\/07\/gesti%C3%B3n-calidad-fabricas.jpg?resize=1400%2C800&ssl=1 4x"},"classes":[]}],"_links":{"self":[{"href":"https:\/\/r4qautomotive.es\/en\/wp-json\/wp\/v2\/pages\/905","targetHints":{"allow":["GET"]}}],"collection":[{"href":"https:\/\/r4qautomotive.es\/en\/wp-json\/wp\/v2\/pages"}],"about":[{"href":"https:\/\/r4qautomotive.es\/en\/wp-json\/wp\/v2\/types\/page"}],"author":[{"embeddable":true,"href":"https:\/\/r4qautomotive.es\/en\/wp-json\/wp\/v2\/users\/1"}],"replies":[{"embeddable":true,"href":"https:\/\/r4qautomotive.es\/en\/wp-json\/wp\/v2\/comments?post=905"}],"version-history":[{"count":4,"href":"https:\/\/r4qautomotive.es\/en\/wp-json\/wp\/v2\/pages\/905\/revisions"}],"predecessor-version":[{"id":1089,"href":"https:\/\/r4qautomotive.es\/en\/wp-json\/wp\/v2\/pages\/905\/revisions\/1089"}],"wp:featuredmedia":[{"embeddable":true,"href":"https:\/\/r4qautomotive.es\/en\/wp-json\/wp\/v2\/media\/867"}],"wp:attachment":[{"href":"https:\/\/r4qautomotive.es\/en\/wp-json\/wp\/v2\/media?parent=905"}],"curies":[{"name":"wp","href":"https:\/\/api.w.org\/{rel}","templated":true}]}}