{"id":904,"date":"2017-09-23T15:37:09","date_gmt":"2017-09-23T15:37:09","guid":{"rendered":"https:\/\/r4qautomotive.es\/r4q-automotive\/"},"modified":"2022-05-23T05:43:20","modified_gmt":"2022-05-23T05:43:20","slug":"r4q-automotive","status":"publish","type":"page","link":"https:\/\/r4qautomotive.es\/en\/","title":{"rendered":"R4Q AUTOMOTIVE"},"content":{"rendered":"<p>&lt;meta name=&#8221;google-site-verification&#8221; content=&#8221;TrqyPoIqmSChJWA67MlShcuyjqEMOqyt8-ClxzCvhuc&#8221; \/&gt;<\/p>\n","protected":false},"excerpt":{"rendered":"<p>&lt;meta name=&#8221;google-site-verification&#8221; content=&#8221;TrqyPoIqmSChJWA67MlShcuyjqEMOqyt8-ClxzCvhuc&#8221; \/&gt;<\/p>\n","protected":false},"author":1,"featured_media":0,"parent":0,"menu_order":0,"comment_status":"closed","ping_status":"closed","template":"template-frontpage.php","meta":{"jetpack_post_was_ever_published":false,"footnotes":""},"class_list":["post-904","page","type-page","status-publish","hentry"],"jetpack_sharing_enabled":true,"jetpack_shortlink":"https:\/\/wp.me\/Pag82K-eA","jetpack-related-posts":[{"id":41,"url":"https:\/\/r4qautomotive.es\/r4q-automotive\/","url_meta":{"origin":904,"position":0},"title":"R4Q AUTOMOTIVE","author":"resident4qautomotive","date":"September 23, 2017","format":false,"excerpt":"[:en]<meta name=\"google-site-verification\" content=\"TrqyPoIqmSChJWA67MlShcuyjqEMOqyt8-ClxzCvhuc\" \/>[:]","rel":"","context":"Similar post","block_context":{"text":"Similar post","link":""},"img":{"alt_text":"","src":"","width":0,"height":0},"classes":[]},{"id":317,"url":"https:\/\/r4qautomotive.es\/sobre-nosotros\/","url_meta":{"origin":904,"position":1},"title":"Sobre nosotros","author":"resident4qautomotive","date":"July 5, 2018","format":false,"excerpt":"\u00a0 \u00a0 Somos una empresa creada a partir de la experiencia en el sector de la automoci\u00f3n por dos profesionales que llevan m\u00e1s de 15 a\u00f1os trabajando como ingenieros residentes. El servicio que ofrece R4Q se basa en la eficacia y pro actividad para ofrecer apoyo t\u00e9cnico a lo largo\u2026","rel":"","context":"Similar post","block_context":{"text":"Similar post","link":""},"img":{"alt_text":"Sobre nosotros - R4Q Automotive","src":"https:\/\/i0.wp.com\/r4qautomotive.es\/wp-content\/uploads\/2018\/07\/automotive-car.jpg?resize=350%2C200&ssl=1","width":350,"height":200,"srcset":"https:\/\/i0.wp.com\/r4qautomotive.es\/wp-content\/uploads\/2018\/07\/automotive-car.jpg?resize=350%2C200&ssl=1 1x, https:\/\/i0.wp.com\/r4qautomotive.es\/wp-content\/uploads\/2018\/07\/automotive-car.jpg?resize=525%2C300&ssl=1 1.5x, https:\/\/i0.wp.com\/r4qautomotive.es\/wp-content\/uploads\/2018\/07\/automotive-car.jpg?resize=700%2C400&ssl=1 2x, https:\/\/i0.wp.com\/r4qautomotive.es\/wp-content\/uploads\/2018\/07\/automotive-car.jpg?resize=1050%2C600&ssl=1 3x, https:\/\/i0.wp.com\/r4qautomotive.es\/wp-content\/uploads\/2018\/07\/automotive-car.jpg?resize=1400%2C800&ssl=1 4x"},"classes":[]},{"id":905,"url":"https:\/\/r4qautomotive.es\/en\/about-us\/","url_meta":{"origin":904,"position":2},"title":"About us","author":"resident4qautomotive","date":"July 5, 2018","format":false,"excerpt":"\u00a0 \u00a0 We are a company created from the experience in the automotive sector by two professionals who have been working as resident engineers for more than 15 years. The service offered by R4Q is based on efficiency and proactivity to offer technical support throughout the assembly process of your\u2026","rel":"","context":"Similar post","block_context":{"text":"Similar post","link":""},"img":{"alt_text":"","src":"https:\/\/i0.wp.com\/r4qautomotive.es\/wp-content\/uploads\/2018\/07\/automotive-car.jpg?resize=350%2C200&ssl=1","width":350,"height":200,"srcset":"https:\/\/i0.wp.com\/r4qautomotive.es\/wp-content\/uploads\/2018\/07\/automotive-car.jpg?resize=350%2C200&ssl=1 1x, https:\/\/i0.wp.com\/r4qautomotive.es\/wp-content\/uploads\/2018\/07\/automotive-car.jpg?resize=525%2C300&ssl=1 1.5x, https:\/\/i0.wp.com\/r4qautomotive.es\/wp-content\/uploads\/2018\/07\/automotive-car.jpg?resize=700%2C400&ssl=1 2x, https:\/\/i0.wp.com\/r4qautomotive.es\/wp-content\/uploads\/2018\/07\/automotive-car.jpg?resize=1050%2C600&ssl=1 3x, https:\/\/i0.wp.com\/r4qautomotive.es\/wp-content\/uploads\/2018\/07\/automotive-car.jpg?resize=1400%2C800&ssl=1 4x"},"classes":[]},{"id":319,"url":"https:\/\/r4qautomotive.es\/contacto\/","url_meta":{"origin":904,"position":3},"title":"Contacto","author":"resident4qautomotive","date":"July 5, 2018","format":false,"excerpt":"SOLICITA INFORMACI\u00d3N SIN COMPROMISO \u00a0 \u00a0 Cami, Acc\u00e9s Complex Seat, s\/n, 08760 Martorell, Barcelona, Espanya \u00a0 +34 666 026 527 \u00a0 +34 689 439 236 \u00a0 r4qautomotive@r4qautomotive.es \u00a0","rel":"","context":"Similar post","block_context":{"text":"Similar post","link":""},"img":{"alt_text":"Contacto R4Q Automotive","src":"https:\/\/i0.wp.com\/r4qautomotive.es\/wp-content\/uploads\/2018\/07\/high-speed-PUYFNZD.jpg?resize=350%2C200&ssl=1","width":350,"height":200,"srcset":"https:\/\/i0.wp.com\/r4qautomotive.es\/wp-content\/uploads\/2018\/07\/high-speed-PUYFNZD.jpg?resize=350%2C200&ssl=1 1x, https:\/\/i0.wp.com\/r4qautomotive.es\/wp-content\/uploads\/2018\/07\/high-speed-PUYFNZD.jpg?resize=525%2C300&ssl=1 1.5x, https:\/\/i0.wp.com\/r4qautomotive.es\/wp-content\/uploads\/2018\/07\/high-speed-PUYFNZD.jpg?resize=700%2C400&ssl=1 2x"},"classes":[]},{"id":947,"url":"https:\/\/r4qautomotive.es\/en\/privacy-policy\/","url_meta":{"origin":904,"position":4},"title":"Privacy policy","author":"resident4qautomotive","date":"July 20, 2018","format":false,"excerpt":"PRIVACY POLICY 1. FOR WHAT PURPOSE WILL RESIDENT 4Q AUTOMOTIVE PROCESS THE USER'S PERSONAL DATA AND FOR HOW LONG? The personal data provided through the Website will be processed by RESIDENT 4Q AUTOMOTIVE in accordance with the following purpose: To manage, process and respond to requests or queries from the\u2026","rel":"","context":"Similar post","block_context":{"text":"Similar post","link":""},"img":{"alt_text":"","src":"","width":0,"height":0},"classes":[]},{"id":569,"url":"https:\/\/r4qautomotive.es\/politica-de-privacidad\/","url_meta":{"origin":904,"position":5},"title":"Pol\u00edtica de privacidad","author":"resident4qautomotive","date":"July 20, 2018","format":false,"excerpt":"POL\u00cdTICA DE PRIVACIDAD \u00bfCON QU\u00c9 FINALIDAD TRATAR\u00c1 RESIDENT 4Q AUTOMOTIVE LOS DATOS PERSONALES DEL USUARIO Y DURANTE CU\u00c1NTO TIEMPO? Los datos personales facilitados a trav\u00e9s del Sitio Web ser\u00e1n tratados por RESIDENT 4Q AUTOMOTIVE \u00a0conforme a la siguiente finalidad: Gestionar, tramitar y dar respuesta a peticiones o consultas del Usuario,\u2026","rel":"","context":"Similar post","block_context":{"text":"Similar post","link":""},"img":{"alt_text":"","src":"","width":0,"height":0},"classes":[]}],"_links":{"self":[{"href":"https:\/\/r4qautomotive.es\/en\/wp-json\/wp\/v2\/pages\/904","targetHints":{"allow":["GET"]}}],"collection":[{"href":"https:\/\/r4qautomotive.es\/en\/wp-json\/wp\/v2\/pages"}],"about":[{"href":"https:\/\/r4qautomotive.es\/en\/wp-json\/wp\/v2\/types\/page"}],"author":[{"embeddable":true,"href":"https:\/\/r4qautomotive.es\/en\/wp-json\/wp\/v2\/users\/1"}],"replies":[{"embeddable":true,"href":"https:\/\/r4qautomotive.es\/en\/wp-json\/wp\/v2\/comments?post=904"}],"version-history":[{"count":1,"href":"https:\/\/r4qautomotive.es\/en\/wp-json\/wp\/v2\/pages\/904\/revisions"}],"predecessor-version":[{"id":969,"href":"https:\/\/r4qautomotive.es\/en\/wp-json\/wp\/v2\/pages\/904\/revisions\/969"}],"wp:attachment":[{"href":"https:\/\/r4qautomotive.es\/en\/wp-json\/wp\/v2\/media?parent=904"}],"curies":[{"name":"wp","href":"https:\/\/api.w.org\/{rel}","templated":true}]}}